{"id":949,"date":"2024-08-01T11:28:39","date_gmt":"2024-08-01T02:28:39","guid":{"rendered":"https:\/\/ai-partner.xyz\/?page_id=949"},"modified":"2024-08-13T13:18:56","modified_gmt":"2024-08-13T04:18:56","slug":"shinrai","status":"publish","type":"page","link":"https:\/\/ai-partner.xyz\/es\/shinrai\/","title":{"rendered":"\u5b89\u5fc3\u3068\u4fe1\u983c\u306e\u67b6\u3051\u6a4b(\u30b9\u30da\u30a4\u30f3)"},"content":{"rendered":"\n<p class=\"has-vivid-cyan-blue-color has-text-color has-link-color has-large-font-size wp-elements-528f58823c806ca51616fafd9a20b1da\"><strong>Un puente de seguridad y confianza<\/strong><\/p>\n\n\n\n<p class=\"has-text-align-center\">Los servicios de Ai Partner son un puente de seguridad y confianza. Ponemos la confianza de nuestros clientes en primer lugar y brindamos un entorno en el que pueden utilizar nuestros servicios con tranquilidad.<\/p>\n\n\n\n<div class=\"wp-block-vk-blocks-spacer vk_spacer vk_spacer-type-margin-top\"><div class=\"vk_block-margin-sm--margin-top\"><\/div><\/div>\n\n\n\n<h2 class=\"wp-block-heading has-vivid-cyan-blue-color has-text-color has-link-color has-regular-font-size wp-elements-5e5488c3a04ad16b5ee70062447ad569\">equipo experimentado<\/h2>\n\n\n\n<p>Nos esforzamos todos los d\u00edas para brindar tranquilidad a nuestros clientes cuando se trata de viajes m\u00e9dicos entrantes. Brindamos un equipo de profesionales capacitados para que pacientes de todo el mundo puedan recibir servicios m\u00e9dicos japoneses con tranquilidad.<\/p>\n\n\n\n<div class=\"wp-block-vk-blocks-spacer vk_spacer vk_spacer-type-margin-top\"><div class=\"vk_block-margin-sm--margin-top\"><\/div><\/div>\n\n\n\n<h2 class=\"wp-block-heading has-vivid-cyan-blue-color has-text-color has-link-color has-regular-font-size wp-elements-e5f0a1ab91c44676cda96a13f72eccc5\">Servicios que se adaptan a la diversidad ling\u00fc\u00edstica<\/h2>\n\n\n\n<p>Brindamos servicios m\u00e9dicos entrantes para clientes internacionales. Admitimos varios idiomas, incluidos chino, ingl\u00e9s y japon\u00e9s, para garantizar una comunicaci\u00f3n fluida. Al resolver las inquietudes y preguntas de los pacientes extranjeros y crear un entorno en el que puedan recibir servicios m\u00e9dicos con tranquilidad, podemos brindar atenci\u00f3n m\u00e9dica sin problemas.<\/p>\n\n\n\n<div class=\"wp-block-vk-blocks-spacer vk_spacer vk_spacer-type-margin-top\"><div class=\"vk_block-margin-sm--margin-top\"><\/div><\/div>\n\n\n\n<h2 class=\"wp-block-heading has-vivid-cyan-blue-color has-text-color has-link-color has-regular-font-size wp-elements-2cdbf3cee8d59950aff2b330e7b2af97\">Soluci\u00f3n integral<\/h2>\n\n\n\n<p>Nuestra empresa ofrece un servicio integral para una amplia gama de servicios m\u00e9dicos entrantes. Mejoramos la eficiencia operativa de las instituciones m\u00e9dicas brindando servicios integrales, como la aceptaci\u00f3n de pacientes extranjeros, la organizaci\u00f3n de instalaciones m\u00e9dicas, servicios de interpretaci\u00f3n y traducci\u00f3n, gesti\u00f3n de reservas y apoyo administrativo.<\/p>\n\n\n\n<div class=\"wp-block-vk-blocks-spacer vk_spacer vk_spacer-type-margin-top\"><div class=\"vk_block-margin-sm--margin-top\"><\/div><\/div>\n\n\n\n<h2 class=\"wp-block-heading has-vivid-cyan-blue-color has-text-color has-link-color has-regular-font-size wp-elements-224b62cfa2bf1b316f769e5355167113\">Protecci\u00f3n de seguridad en la que puede confiar<\/h2>\n\n\n\n<p>La informaci\u00f3n m\u00e9dica es informaci\u00f3n altamente confidencial que requiere protecci\u00f3n de la privacidad. Consideramos la protecci\u00f3n de la privacidad del cliente como nuestra m\u00e1xima prioridad e implementamos medidas de seguridad de datos adecuadas. Seguimos estrictamente las regulaciones y requisitos de la industria para garantizar una alta confianza en la protecci\u00f3n y gesti\u00f3n de sus datos.<\/p>\n\n\n\n<div class=\"wp-block-vk-blocks-spacer vk_spacer vk_spacer-type-margin-top\"><div class=\"vk_block-margin-sm--margin-top\"><\/div><\/div>\n\n\n\n<h2 class=\"wp-block-heading has-vivid-cyan-blue-color has-text-color has-link-color has-regular-font-size wp-elements-337f015f59c7b8f403ff1665160bd626\">Implementaci\u00f3n de servicios m\u00e9dicos integrados.<\/h2>\n\n\n\n<p>Valoramos la colaboraci\u00f3n continua con nuestro personal m\u00e9dico profesional para brindarle la atenci\u00f3n integrada que necesita. Desde el diagn\u00f3stico hasta el tratamiento y los cuidados posteriores, apoyamos plenamente la salud y el bienestar de nuestros usuarios y brindamos un entorno donde pueden recibir tratamiento con tranquilidad brind\u00e1ndoles atenci\u00f3n integrada.<\/p>\n","protected":false},"excerpt":{"rendered":"<p>Un puente de seguridad y confianza Los servicios de Ai Partner son un puente de seguridad y confianza. Ponemos [&hellip;]<\/p>\n","protected":false},"author":1,"featured_media":1796,"parent":0,"menu_order":0,"comment_status":"closed","ping_status":"closed","template":"","meta":{"_locale":"es_AR","_original_post":"https:\/\/ai-partner.xyz\/sab\/?page_id=371","vkexunit_cta_each_option":"","footnotes":""},"class_list":["post-949","page","type-page","status-publish","has-post-thumbnail","hentry","es-AR"],"aioseo_notices":[],"_links":{"self":[{"href":"https:\/\/ai-partner.xyz\/wp-json\/wp\/v2\/pages\/949","targetHints":{"allow":["GET"]}}],"collection":[{"href":"https:\/\/ai-partner.xyz\/wp-json\/wp\/v2\/pages"}],"about":[{"href":"https:\/\/ai-partner.xyz\/wp-json\/wp\/v2\/types\/page"}],"author":[{"embeddable":true,"href":"https:\/\/ai-partner.xyz\/wp-json\/wp\/v2\/users\/1"}],"replies":[{"embeddable":true,"href":"https:\/\/ai-partner.xyz\/wp-json\/wp\/v2\/comments?post=949"}],"version-history":[{"count":2,"href":"https:\/\/ai-partner.xyz\/wp-json\/wp\/v2\/pages\/949\/revisions"}],"predecessor-version":[{"id":1000,"href":"https:\/\/ai-partner.xyz\/wp-json\/wp\/v2\/pages\/949\/revisions\/1000"}],"wp:featuredmedia":[{"embeddable":true,"href":"https:\/\/ai-partner.xyz\/wp-json\/wp\/v2\/media\/1796"}],"wp:attachment":[{"href":"https:\/\/ai-partner.xyz\/wp-json\/wp\/v2\/media?parent=949"}],"curies":[{"name":"wp","href":"https:\/\/api.w.org\/{rel}","templated":true}]}}