{"id":947,"date":"2024-08-01T11:24:31","date_gmt":"2024-08-01T02:24:31","guid":{"rendered":"https:\/\/ai-partner.xyz\/?page_id=947"},"modified":"2024-08-13T13:15:56","modified_gmt":"2024-08-13T04:15:56","slug":"gaiyou","status":"publish","type":"page","link":"https:\/\/ai-partner.xyz\/es\/gaiyou\/","title":{"rendered":"\u4f1a\u793e\u6982\u8981(\u30b9\u30da\u30a4\u30f3)"},"content":{"rendered":"\n<p class=\"has-text-align-center vk_block-margin-0--margin-bottom has-black-color has-text-color has-link-color wp-elements-f18060786929c02a5065ff999542fddc\" style=\"font-size:1.15rem;line-height:2\">Valoramos la integridad y la confiabilidad y estamos comprometidos a brindar el mejor servicio posible a nuestros clientes. <br class=\"vk_responsive-br vk_responsive-br-xs\"\/><br class=\"vk_responsive-br vk_responsive-br-xxl\"\/>Queremos respaldar su \u00e9xito continuo y servir como su <br class=\"vk_responsive-br vk_responsive-br-xs\"\/>socio de confianza.<\/p>\n\n\n\n<div class=\"wp-block-group is-style-vk-group-solid-roundcorner vk_block-margin-sm--margin-bottom has-border-color has-vivid-cyan-blue-border-color is-layout-constrained wp-block-group-is-layout-constrained\" style=\"font-size:14px\">\n<h2 class=\"wp-block-heading has-text-align-center is-style-vk-heading-plain vk-headding-lp heading-top-over vk_block-margin-sm--margin-bottom has-vivid-cyan-blue-color has-text-color has-link-color has-large-font-size wp-elements-22e457dbfef8e78789dadde9ea6f43c3\">Perfil de la empresa<\/h2>\n\n\n\n<div class=\"wp-block-columns is-layout-flex wp-container-core-columns-is-layout-28f84493 wp-block-columns-is-layout-flex\">\n<div class=\"wp-block-column is-vertically-aligned-center is-layout-flow wp-block-column-is-layout-flow\">\n<p class=\"has-text-align-center vk_block-margin-0--margin-bottom vk_block-margin-0--margin-top\" style=\"font-size:0.85rem;letter-spacing:1px\"><span class=\"text-nowrap\">- MISSION -<\/span><\/p>\n\n\n\n<p class=\"has-text-align-center is-style-vk-heading-plain vk_block-margin-xs--margin-bottom vk_block-margin-0--margin-top\">nuestra misi\u00f3n<\/p>\n\n\n\n<h3 class=\"wp-block-heading has-text-align-center vk_block-margin-0--margin-bottom vk_block-margin-0--margin-top is-style-vk-heading-plain has-vivid-cyan-blue-color has-text-color has-link-color wp-elements-2a2fad2cbe5b6cb5026af860fccce9f7\" style=\"font-size:1.15rem;letter-spacing:1px\">Prestaci\u00f3n de servicios centrada en el cliente<\/h3>\n<\/div>\n\n\n\n<div class=\"wp-block-column is-vertically-aligned-center is-layout-flow wp-block-column-is-layout-flow\">\n<p class=\"has-text-align-center vk_block-margin-0--margin-bottom vk_block-margin-0--margin-top\" style=\"font-size:0.85rem;letter-spacing:1px\"><span class=\"text-nowrap\">- VALUES -<\/span><\/p>\n\n\n\n<p class=\"has-text-align-center is-style-vk-heading-plain vk_block-margin-xs--margin-bottom vk_block-margin-0--margin-top\">nuestros valores<\/p>\n\n\n\n<h3 class=\"wp-block-heading has-text-align-center vk_block-margin-0--margin-bottom vk_block-margin-0--margin-top is-style-vk-heading-plain has-vivid-cyan-blue-color has-text-color has-link-color wp-elements-2123599049dbb7d74554e642db42b5f7\" style=\"font-size:1.15rem;letter-spacing:1px\">Actitud de dar prioridad al cliente<\/h3>\n<\/div>\n\n\n\n<div class=\"wp-block-column is-vertically-aligned-center is-layout-flow wp-block-column-is-layout-flow\">\n<p class=\"has-text-align-center vk_block-margin-0--margin-bottom vk_block-margin-0--margin-top\" style=\"font-size:0.85rem;letter-spacing:1px\"><span class=\"text-nowrap\">- PHILOSOPHY -<\/span><\/p>\n\n\n\n<p class=\"has-text-align-center is-style-vk-heading-plain vk_block-margin-xs--margin-bottom vk_block-margin-0--margin-top\">nuestra filosof\u00eda<\/p>\n\n\n\n<h3 class=\"wp-block-heading has-text-align-center vk_block-margin-0--margin-bottom vk_block-margin-0--margin-top is-style-vk-heading-plain has-vivid-cyan-blue-color has-text-color has-link-color wp-elements-32ee941db3977c13b118628cd5a3f1b8\" style=\"font-size:1.15rem;letter-spacing:1px\">Un esp\u00edritu de cooperaci\u00f3n y cocreaci\u00f3n<\/h3>\n<\/div>\n<\/div>\n<\/div>\n\n\n\n<p class=\"vk_block-margin-0--margin-top vk_block-margin-xs--margin-bottom vk_custom_css_1 has-vivid-cyan-blue-color has-text-color has-link-color wp-elements-8a3e605b57c41572c3b2d5ac7195cc89\"><strong>nuestra misi\u00f3n<\/strong><\/p>\n\n\n\n<h2 class=\"wp-block-heading has-text-align-left is-style-vk-heading-plain vk_block-margin-0--margin-top has-regular-font-size\">Prestaci\u00f3n de servicios centrada en el cliente<\/h2>\n\n\n\n<p class=\"vk_block-margin-md--margin-bottom\">Nuestra misi\u00f3n es comprender a fondo las necesidades de nuestros clientes y brindar la m\u00e1s alta calidad de servicio, siendo siempre su satisfacci\u00f3n y \u00e9xito nuestra principal prioridad. A trav\u00e9s de nuestro enfoque centrado en el cliente, aceptamos comentarios de manera proactiva y realizamos ajustes y mejoras apropiados para satisfacer sus necesidades en constante evoluci\u00f3n.<\/p>\n\n\n\n<p class=\"vk_block-margin-0--margin-top vk_block-margin-xs--margin-bottom vk_custom_css_2 has-vivid-cyan-blue-color has-text-color has-link-color wp-elements-5cbe070d23cc44ef36a245108184af74\"><strong>nuestros valores<\/strong><\/p>\n\n\n\n<h2 class=\"wp-block-heading is-style-vk-heading-plain vk_block-margin-0--margin-top has-regular-font-size\">Actitud de dar prioridad al cliente<\/h2>\n\n\n\n<p class=\"vk_block-margin-md--margin-bottom\">Nuestro enfoque en el cliente gu\u00eda nuestras acciones y estamos comprometidos a comprender profundamente y satisfacer siempre las necesidades y expectativas de nuestros clientes. Valoramos nuestras relaciones con nuestros clientes, generando confianza y empat\u00eda mientras los apoyamos proactivamente con su \u00e9xito y satisfacci\u00f3n como nuestra principal prioridad. Practicamos a fondo pensar y actuar desde la perspectiva del cliente, siempre pensando y actuando desde su perspectiva.<\/p>\n\n\n\n<p class=\"vk_custom_css_3 vk_block-margin-xs--margin-bottom has-vivid-cyan-blue-color has-text-color has-link-color wp-elements-2bb27ac3e8d61c5fec853a3e0d650d6b\"><strong>nuestra filosof\u00eda<\/strong><\/p>\n\n\n\n<h2 class=\"wp-block-heading is-style-vk-heading-plain vk_block-margin-0--margin-top has-regular-font-size\">Un esp\u00edritu de cooperaci\u00f3n y cocreaci\u00f3n<\/h2>\n\n\n\n<p>Un esp\u00edritu de trabajo en equipo y co-creaci\u00f3n es el n\u00facleo de nuestra cultura organizacional. Valoramos trabajar juntos, combinar las fortalezas e ideas de cada uno y crear conjuntamente nuevo valor. Creemos que trabajando juntos como equipo para lograr nuestros objetivos, podemos construir juntos un futuro mejor.\u3002<\/p>\n\n\n\n<div class=\"wp-block-group alignfull has-background is-layout-constrained wp-container-core-group-is-layout-d22ff40a wp-block-group-is-layout-constrained\" style=\"background-color:#0000000d;padding-top:0px;padding-right:0px;padding-bottom:0px;padding-left:0px\">\n<div class=\"wp-block-vk-blocks-spacer vk_spacer vk_spacer-type-height\"><div class=\"vk_block-margin-lg--height\"><\/div><\/div>\n\n\n\n<p class=\"vk_custom_css_4 vk_block-margin-0--margin-top vk_block-margin-xs--margin-bottom has-vivid-cyan-blue-color has-text-color has-link-color wp-elements-729804c16012c7a05452ebc9080efe00\">Perfil de la empresa<\/p>\n\n\n\n<h2 class=\"wp-block-heading is-style-vk-heading-plain vk_block-margin-0--margin-bottom vk_block-margin-0--margin-top has-vivid-cyan-blue-color has-text-color has-link-color wp-elements-7e1741ca5ac21e33dec35530773f531a\" style=\"font-size:2.5rem;letter-spacing:2px;line-height:0.75\"><strong>Corporate Profile<\/strong><\/h2>\n\n\n\n<div class=\"wp-block-vk-blocks-spacer vk_spacer vk_spacer-type-height\"><div class=\"vk_block-margin-md--height\"><\/div><\/div>\n\n\n\n<div class=\"wp-block-columns is-layout-flex wp-container-core-columns-is-layout-d724c154 wp-block-columns-is-layout-flex\" style=\"border-top-color:#0000001c;border-top-width:1px;border-bottom-color:#0000001c;border-bottom-width:1px;padding-top:1rem;padding-right:0.5rem;padding-bottom:1rem;padding-left:0.5rem\">\n<div class=\"wp-block-column is-layout-flow wp-block-column-is-layout-flow\" style=\"flex-basis:33.33%\">\n<p style=\"font-style:normal;font-weight:400\">nombre de empresa<\/p>\n<\/div>\n\n\n\n<div class=\"wp-block-column is-layout-flow wp-block-column-is-layout-flow\" style=\"flex-basis:66.66%\">\n<p>Ai socio Co., Ltd.<\/p>\n<\/div>\n<\/div>\n\n\n\n<div class=\"wp-block-columns is-layout-flex wp-container-core-columns-is-layout-a0efc1a0 wp-block-columns-is-layout-flex\" style=\"border-bottom-color:#0000001c;border-bottom-width:1px;padding-top:1rem;padding-right:0.25rem;padding-bottom:1rem;padding-left:0.25rem\">\n<div class=\"wp-block-column is-layout-flow wp-block-column-is-layout-flow\" style=\"flex-basis:33.33%\">\n<p class=\"has-text-align-left\">ubicaci\u00f3n<\/p>\n<\/div>\n\n\n\n<div class=\"wp-block-column is-layout-flow wp-block-column-is-layout-flow\" style=\"flex-basis:66.66%\">\n<p>Edificio SIROKIYA 5F, 1-8-4 Nishi-Shinsaibashi, Chuo-ku, Osaka<\/p>\n<\/div>\n<\/div>\n\n\n\n<div class=\"wp-block-columns is-layout-flex wp-container-core-columns-is-layout-a0efc1a0 wp-block-columns-is-layout-flex\" style=\"border-bottom-color:#0000001c;border-bottom-width:1px;padding-top:1rem;padding-right:0.25rem;padding-bottom:1rem;padding-left:0.25rem\">\n<div class=\"wp-block-column is-layout-flow wp-block-column-is-layout-flow\" style=\"flex-basis:33.33%\">\n<p>CEO<\/p>\n<\/div>\n\n\n\n<div class=\"wp-block-column is-layout-flow wp-block-column-is-layout-flow\" style=\"flex-basis:66.66%\">\n<p>Ayako Imoto<\/p>\n<\/div>\n<\/div>\n\n\n\n<div class=\"wp-block-columns is-layout-flex wp-container-core-columns-is-layout-a0efc1a0 wp-block-columns-is-layout-flex\" style=\"border-bottom-color:#0000001c;border-bottom-width:1px;padding-top:1rem;padding-right:0.25rem;padding-bottom:1rem;padding-left:0.25rem\">\n<div class=\"wp-block-column is-layout-flow wp-block-column-is-layout-flow\" style=\"flex-basis:33.33%\">\n<p>capital<\/p>\n<\/div>\n\n\n\n<div class=\"wp-block-column is-layout-flow wp-block-column-is-layout-flow\" style=\"flex-basis:66.66%\">\n<p>10 millones de yenes<\/p>\n<\/div>\n<\/div>\n\n\n\n<div class=\"wp-block-columns is-layout-flex wp-container-core-columns-is-layout-a0efc1a0 wp-block-columns-is-layout-flex\" style=\"border-bottom-color:#0000001c;border-bottom-width:1px;padding-top:1rem;padding-right:0.25rem;padding-bottom:1rem;padding-left:0.25rem\">\n<div class=\"wp-block-column is-layout-flow wp-block-column-is-layout-flow\" style=\"flex-basis:33.33%\">\n<p>Contenido de Empresas<\/p>\n<\/div>\n\n\n\n<div class=\"wp-block-column is-layout-flow wp-block-column-is-layout-flow\" style=\"flex-basis:66.66%\">\n<p>negocio de coordinador medico<br>Venta al por mayor y venta de productos de belleza\/equipos de belleza.<br>Negocio de desarrollo de recursos humanos de belleza.<br>negocio de salones de belleza<\/p>\n<\/div>\n<\/div>\n\n\n\n<div class=\"wp-block-columns is-layout-flex wp-container-core-columns-is-layout-a0efc1a0 wp-block-columns-is-layout-flex\" style=\"border-bottom-color:#0000001c;border-bottom-width:1px;padding-top:1rem;padding-right:0.25rem;padding-bottom:1rem;padding-left:0.25rem\">\n<div class=\"wp-block-column is-layout-flow wp-block-column-is-layout-flow\" style=\"flex-basis:33.33%\">\n<p>Pareja<\/p>\n<\/div>\n\n\n\n<div class=\"wp-block-column is-layout-flow wp-block-column-is-layout-flow\" style=\"flex-basis:66.66%\">\n<p><a href=\"https:\/\/nankai-travel.com\/medical\">Nankai viajes internacionales Co., Ltd.<\/a><br>Corporaci\u00f3n M\u00e9dica Iseikai <a href=\"https:\/\/www.iseikaihp.or.jp\/index.html\">Hospital General Internacional Iseikai<\/a><br>Corporaci\u00f3n M\u00e9dica Ryushikai <a href=\"https:\/\/igtc.jp\/index.html\">cl\u00ednica igt<\/a><br><a href=\"https:\/\/arts-ginzaclinic.com\/\">Cl\u00ednica BTR Arts Ginza<\/a><br><a href=\"https:\/\/kotani-dental.net\/\">Seiinkai Medical Corporation Cl\u00ednica Dental Kotari<\/a><\/p>\n<\/div>\n<\/div>\n\n\n\n<div class=\"wp-block-vk-blocks-spacer vk_spacer vk_spacer-type-height\"><div class=\"vk_block-margin-lg--height\"><\/div><\/div>\n<\/div>\n","protected":false},"excerpt":{"rendered":"<p>Valoramos la integridad y la confiabilidad y estamos comprometidos a brindar el mejor servicio posible a nuest [&hellip;]<\/p>\n","protected":false},"author":1,"featured_media":1796,"parent":0,"menu_order":0,"comment_status":"closed","ping_status":"closed","template":"","meta":{"_locale":"es_AR","_original_post":"https:\/\/ai-partner.xyz\/sab\/?page_id=186","vkexunit_cta_each_option":"","footnotes":""},"class_list":["post-947","page","type-page","status-publish","has-post-thumbnail","hentry","es-AR"],"aioseo_notices":[],"_links":{"self":[{"href":"https:\/\/ai-partner.xyz\/wp-json\/wp\/v2\/pages\/947","targetHints":{"allow":["GET"]}}],"collection":[{"href":"https:\/\/ai-partner.xyz\/wp-json\/wp\/v2\/pages"}],"about":[{"href":"https:\/\/ai-partner.xyz\/wp-json\/wp\/v2\/types\/page"}],"author":[{"embeddable":true,"href":"https:\/\/ai-partner.xyz\/wp-json\/wp\/v2\/users\/1"}],"replies":[{"embeddable":true,"href":"https:\/\/ai-partner.xyz\/wp-json\/wp\/v2\/comments?post=947"}],"version-history":[{"count":2,"href":"https:\/\/ai-partner.xyz\/wp-json\/wp\/v2\/pages\/947\/revisions"}],"predecessor-version":[{"id":993,"href":"https:\/\/ai-partner.xyz\/wp-json\/wp\/v2\/pages\/947\/revisions\/993"}],"wp:featuredmedia":[{"embeddable":true,"href":"https:\/\/ai-partner.xyz\/wp-json\/wp\/v2\/media\/1796"}],"wp:attachment":[{"href":"https:\/\/ai-partner.xyz\/wp-json\/wp\/v2\/media?parent=947"}],"curies":[{"name":"wp","href":"https:\/\/api.w.org\/{rel}","templated":true}]}}