{"id":945,"date":"2024-08-01T11:10:12","date_gmt":"2024-08-01T02:10:12","guid":{"rendered":"https:\/\/ai-partner.xyz\/?page_id=945"},"modified":"2024-08-13T13:15:13","modified_gmt":"2024-08-13T04:15:13","slug":"privacy-policy","status":"publish","type":"page","link":"https:\/\/ai-partner.xyz\/es\/privacy-policy\/","title":{"rendered":"\u30d7\u30e9\u30a4\u30d0\u30b7\u30fc\u30dd\u30ea\u30b7\u30fc(\u30b9\u30da\u30a4\u30f3)"},"content":{"rendered":"\n<p>Nosotros en Ai Partner Co., Ltd. respetamos su privacidad y damos gran importancia a la protecci\u00f3n de su informaci\u00f3n personal. La siguiente Pol\u00edtica de Privacidad establece claramente los principios que seguimos al recopilar, usar, compartir y proteger su informaci\u00f3n personal.<\/p>\n\n\n\n<h2 class=\"wp-block-heading vk_block-margin-lg--margin-top\"><strong>1. Recopilaci\u00f3n y uso de informaci\u00f3n personal.<\/strong><\/h2>\n\n\n\n<p>Al recopilar su informaci\u00f3n personal, establecemos un prop\u00f3sito claro y la utilizamos solo dentro del alcance de ese prop\u00f3sito. La informaci\u00f3n personal recopilada se utiliza principalmente para los siguientes fines:<\/p>\n\n\n\n<ul class=\"wp-block-list\">\n<li>Proporcionar, operar y mejorar nuestros servicios.<\/li>\n\n\n\n<li>Proporcionar atenci\u00f3n al cliente y responder a consultas.<\/li>\n\n\n\n<li>Proporcionar nuevos servicios y beneficios, implementar promociones.<\/li>\n<\/ul>\n\n\n\n<h2 class=\"wp-block-heading vk_block-margin-lg--margin-top\"><strong>2. Compartir informaci\u00f3n personal<\/strong><\/h2>\n\n\n\n<p>Si compartimos su informaci\u00f3n personal con un tercero, lo haremos con su consentimiento. Sin embargo, pueden aplicarse ciertas excepciones, como las basadas en requisitos legales o reglamentaciones.<\/p>\n\n\n\n<h2 class=\"wp-block-heading vk_block-margin-lg--margin-top\"><strong>3. Protecci\u00f3n de informaci\u00f3n personal<\/strong><\/h2>\n\n\n\n<p>Implementamos medidas de seguridad t\u00e9cnicas, f\u00edsicas y organizativas para proteger adecuadamente su informaci\u00f3n personal. Tambi\u00e9n tomaremos las medidas adecuadas para garantizar la exactitud, confidencialidad e integridad de la informaci\u00f3n personal.<\/p>\n\n\n\n<h2 class=\"wp-block-heading vk_block-margin-lg--margin-top\"><strong>4. Derechos del cliente<\/strong><\/h2>\n\n\n\n<p>Podr\u00e1 ejercer derechos como acceso, rectificaci\u00f3n, supresi\u00f3n, limitaci\u00f3n y transferencia respecto de su informaci\u00f3n personal. Para ejercer cualquiera de estos derechos, por favor p\u00f3ngase en contacto con nosotros.<\/p>\n\n\n\n<h2 class=\"wp-block-heading vk_block-margin-lg--margin-top\"><strong>5. Cambios y actualizaciones<\/strong><\/h2>\n\n\n\n<p>Podemos cambiar o actualizar esta pol\u00edtica de privacidad de vez en cuando. Le notificaremos de cualquier cambio en nuestro sitio web.<\/p>\n\n\n\n<p><strong>Informaci\u00f3n del contacto<\/strong><\/p>\n\n\n\n<p>Ai socio Co., Ltd.<br>\u3012542-0086<br>Direcci\u00f3n: 5.\u00ba piso, edificio SIROKIYA, 1-8-4 Nishi-Shinsaibashi, Chuo-ku, Osaka<br>N\u00famero de tel\u00e9fono: 072-447-1000<br>Correo electr\u00f3nico: aipartner0008@outlook.jp<\/p>\n\n\n\n<p><strong>Per\u00edodo de validez: Actualizaciones desde la \u00faltima fecha de actualizaci\u00f3n<\/strong><\/p>\n","protected":false},"excerpt":{"rendered":"<p>Nosotros en Ai Partner Co., Ltd. respetamos su privacidad y damos gran importancia a la protecci\u00f3n de su infor [&hellip;]<\/p>\n","protected":false},"author":1,"featured_media":1796,"parent":0,"menu_order":0,"comment_status":"closed","ping_status":"open","template":"","meta":{"_locale":"es_AR","_original_post":"https:\/\/ai-partner.xyz\/sab","sns_share_botton_hide":"","vkExUnit_sns_title":"","_vk_print_noindex":"","sitemap_hide":"","vkExUnit_sitemap":"","_veu_custom_css":"","veu_display_promotion_alert":"common","_exclude_from_list_pages":"","vkexunit_cta_each_option":"","vkExUnit_childPageIndex":"","vkExUnit_pageList_ancestor":"","vkExUnit_contact_enable":"","_lightning_design_setting":{"layout":"default","header_trans":"default","section_base":"default"},"footnotes":""},"class_list":["post-945","page","type-page","status-publish","has-post-thumbnail","hentry","es-AR"],"aioseo_notices":[],"veu_head_title_object":{"title":"","add_site_title":""},"_links":{"self":[{"href":"https:\/\/ai-partner.xyz\/wp-json\/wp\/v2\/pages\/945","targetHints":{"allow":["GET"]}}],"collection":[{"href":"https:\/\/ai-partner.xyz\/wp-json\/wp\/v2\/pages"}],"about":[{"href":"https:\/\/ai-partner.xyz\/wp-json\/wp\/v2\/types\/page"}],"author":[{"embeddable":true,"href":"https:\/\/ai-partner.xyz\/wp-json\/wp\/v2\/users\/1"}],"replies":[{"embeddable":true,"href":"https:\/\/ai-partner.xyz\/wp-json\/wp\/v2\/comments?post=945"}],"version-history":[{"count":2,"href":"https:\/\/ai-partner.xyz\/wp-json\/wp\/v2\/pages\/945\/revisions"}],"predecessor-version":[{"id":991,"href":"https:\/\/ai-partner.xyz\/wp-json\/wp\/v2\/pages\/945\/revisions\/991"}],"wp:featuredmedia":[{"embeddable":true,"href":"https:\/\/ai-partner.xyz\/wp-json\/wp\/v2\/media\/1796"}],"wp:attachment":[{"href":"https:\/\/ai-partner.xyz\/wp-json\/wp\/v2\/media?parent=945"}],"curies":[{"name":"wp","href":"https:\/\/api.w.org\/{rel}","templated":true}]}}